{"id":1968,"date":"2017-02-21T18:43:26","date_gmt":"2017-02-21T17:43:26","guid":{"rendered":"http:\/\/wingtsun-schulen-hensellek.de\/wp\/?page_id=1968"},"modified":"2017-02-21T20:06:32","modified_gmt":"2017-02-21T19:06:32","slug":"schule-dransfeld","status":"publish","type":"page","link":"http:\/\/wingtsun-schulen-hensellek.de\/wp\/schule-dransfeld\/","title":{"rendered":"Schule Dransfeld"},"content":{"rendered":"\r\n\t<div class=\"slideshow_container slideshow_container_style-light\" style=\"height: 300px; \" data-slideshow-id=\"1982\" data-style-name=\"style-light\" data-style-version=\"2.3.1\" >\r\n\r\n\t\t\t\t\t<div class=\"slideshow_loading_icon\"><\/div>\r\n\t\t\r\n\t\t<div class=\"slideshow_content\" style=\"display: none;\">\r\n\r\n\t\t\t<div class=\"slideshow_view\">\r\n\t\t\t\t<div class=\"slideshow_slide slideshow_slide_image\">\r\n\t\t\t\t\t\t\t\t\t\t\t<img src=\"http:\/\/wingtsun-schulen-hensellek.de\/wp\/wp-content\/uploads\/2017\/02\/Trainingsraum_01kl-1.jpg\" alt=\"Trainingsraum\" width=\"2550\" height=\"1722\" \/>\r\n\t\t\t\t\t\t\t\t\t\t<div class=\"slideshow_description_box slideshow_transparent\">\r\n\t\t\t\t\t\t<div class=\"slideshow_title\">Trainingsraum<\/div>\t\t\t\t\t\t\t\t\t\t\t<\/div>\r\n\t\t\t\t<\/div>\r\n\r\n\t\t\t\t\t\t<div style=\"clear: both;\"><\/div><\/div><div class=\"slideshow_view\">\r\n\t\t\t\t<div class=\"slideshow_slide slideshow_slide_image\">\r\n\t\t\t\t\t\t\t\t\t\t\t<img src=\"http:\/\/wingtsun-schulen-hensellek.de\/wp\/wp-content\/uploads\/2017\/02\/Umkleide-Damen-kl.jpg\" alt=\"Umkleide Damen\" width=\"2550\" height=\"1706\" \/>\r\n\t\t\t\t\t\t\t\t\t\t<div class=\"slideshow_description_box slideshow_transparent\">\r\n\t\t\t\t\t\t<div class=\"slideshow_title\">Umkleide Damen<\/div>\t\t\t\t\t\t\t\t\t\t\t<\/div>\r\n\t\t\t\t<\/div>\r\n\r\n\t\t\t\t\t\t<div style=\"clear: both;\"><\/div><\/div><div class=\"slideshow_view\">\r\n\t\t\t\t<div class=\"slideshow_slide slideshow_slide_image\">\r\n\t\t\t\t\t\t\t\t\t\t\t<img src=\"http:\/\/wingtsun-schulen-hensellek.de\/wp\/wp-content\/uploads\/2017\/02\/Trainingsraum_02kl.jpg\" alt=\"Trainingsraum\" width=\"2550\" height=\"1707\" \/>\r\n\t\t\t\t\t\t\t\t\t\t<div class=\"slideshow_description_box slideshow_transparent\">\r\n\t\t\t\t\t\t<div class=\"slideshow_title\">Trainingsraum<\/div>\t\t\t\t\t\t\t\t\t\t\t<\/div>\r\n\t\t\t\t<\/div>\r\n\r\n\t\t\t\t\t\t<div style=\"clear: both;\"><\/div><\/div><div class=\"slideshow_view\">\r\n\t\t\t\t<div class=\"slideshow_slide slideshow_slide_image\">\r\n\t\t\t\t\t\t\t\t\t\t\t<img src=\"http:\/\/wingtsun-schulen-hensellek.de\/wp\/wp-content\/uploads\/2017\/02\/Umkleide-Herren-kl.jpg\" alt=\"Umkleide Herren\" width=\"2550\" height=\"1705\" \/>\r\n\t\t\t\t\t\t\t\t\t\t<div class=\"slideshow_description_box slideshow_transparent\">\r\n\t\t\t\t\t\t<div class=\"slideshow_title\">Umkleide Herren<\/div>\t\t\t\t\t\t\t\t\t\t\t<\/div>\r\n\t\t\t\t<\/div>\r\n\r\n\t\t\t\t\t\t<div style=\"clear: both;\"><\/div><\/div>\r\n\t\t<\/div>\r\n\r\n\t\t<div class=\"slideshow_controlPanel slideshow_transparent\" style=\"display: none;\"><ul><li class=\"slideshow_togglePlay\" data-play-text=\"Abspielen\" data-pause-text=\"Pause\"><\/li><\/ul><\/div>\r\n\r\n\t\t<div class=\"slideshow_button slideshow_previous slideshow_transparent\" role=\"button\" data-previous-text=\"Zur\u00fcck\" style=\"display: none;\"><\/div>\r\n\t\t<div class=\"slideshow_button slideshow_next slideshow_transparent\" role=\"button\" data-next-text=\"N\u00e4chstes\" style=\"display: none;\"><\/div>\r\n\r\n\t\t<div class=\"slideshow_pagination\" style=\"display: none;\" data-go-to-text=\"Gehe zum Bild\"><div class=\"slideshow_pagination_center\"><\/div><\/div>\r\n\r\n\t\t<!-- WordPress Slideshow Version 2.3.1 -->\r\n\r\n\t\t\t<\/div>\r\n\r\n\n<h1>Dransfeld<\/h1>\n<p>WingTsun Schule Dransfeld<br \/>\nLange Stra\u00dfe 29<br \/>\n37127 Dransfeld<\/p>\n<p>Die WT-Schule befindet sich im Herzen von Dransfeld, direkt an der Langen Stra\u00dfe (\u00a0B3). Die Schule wurde nach unseren Bed\u00fcrfnissen eingerichtet und sorgt f\u00fcr eine angenehme Trainingsatmosph\u00e4re.<\/p>\n<p>&nbsp;<br \/>\n<iframe style=\"border: 0;\" src=\"https:\/\/www.google.com\/maps\/embed?pb=!1m18!1m12!1m3!1d2518.2297686605557!2d9.756290035373029!3d51.502970152568345!2m3!1f0!2f0!3f0!3m2!1i1024!2i768!4f13.1!3m3!1m2!1s0x47bb2e93722b79b9%3A0xa9d5591b80e6d2f4!2sWingTsun+Schule+Dransfeld!5e0!3m2!1sde!2sde!4v1487703973797\" width=\"600\" height=\"450\" frameborder=\"0\" allowfullscreen=\"allowfullscreen\"><\/iframe><\/p>\n","protected":false},"excerpt":{"rendered":"<p>Dransfeld WingTsun Schule Dransfeld Lange Stra\u00dfe 29 37127 Dransfeld Die WT-Schule befindet sich im Herzen von Dransfeld, direkt an der Langen Stra\u00dfe (\u00a0B3). Die Schule wurde nach unseren Bed\u00fcrfnissen eingerichtet und sorgt f\u00fcr eine angenehme Trainingsatmosph\u00e4re. &nbsp;<\/p>\n","protected":false},"author":1,"featured_media":0,"parent":0,"menu_order":0,"comment_status":"closed","ping_status":"closed","template":"","meta":[],"_links":{"self":[{"href":"http:\/\/wingtsun-schulen-hensellek.de\/wp\/wp-json\/wp\/v2\/pages\/1968"}],"collection":[{"href":"http:\/\/wingtsun-schulen-hensellek.de\/wp\/wp-json\/wp\/v2\/pages"}],"about":[{"href":"http:\/\/wingtsun-schulen-hensellek.de\/wp\/wp-json\/wp\/v2\/types\/page"}],"author":[{"embeddable":true,"href":"http:\/\/wingtsun-schulen-hensellek.de\/wp\/wp-json\/wp\/v2\/users\/1"}],"replies":[{"embeddable":true,"href":"http:\/\/wingtsun-schulen-hensellek.de\/wp\/wp-json\/wp\/v2\/comments?post=1968"}],"version-history":[{"count":1,"href":"http:\/\/wingtsun-schulen-hensellek.de\/wp\/wp-json\/wp\/v2\/pages\/1968\/revisions"}],"predecessor-version":[{"id":2611,"href":"http:\/\/wingtsun-schulen-hensellek.de\/wp\/wp-json\/wp\/v2\/pages\/1968\/revisions\/2611"}],"wp:attachment":[{"href":"http:\/\/wingtsun-schulen-hensellek.de\/wp\/wp-json\/wp\/v2\/media?parent=1968"}],"curies":[{"name":"wp","href":"https:\/\/api.w.org\/{rel}","templated":true}]}}